{"id":4207,"date":"2021-05-11T20:13:29","date_gmt":"2021-05-11T20:13:29","guid":{"rendered":"https:\/\/rauhankasvatus.fi\/?page_id=4207"},"modified":"2025-11-05T11:16:28","modified_gmt":"2025-11-05T11:16:28","slug":"partners","status":"publish","type":"page","link":"https:\/\/rauhankasvatus.fi\/en\/partners\/","title":{"rendered":"Partners"},"content":{"rendered":"\t\t<div data-elementor-type=\"wp-page\" data-elementor-id=\"4207\" class=\"elementor elementor-4207\" data-elementor-post-type=\"page\">\n\t\t\t\t\t\t<section class=\"elementor-section elementor-top-section elementor-element elementor-element-56220b60 elementor-section-boxed elementor-section-height-default elementor-section-height-default\" data-id=\"56220b60\" data-element_type=\"section\" data-settings=\"{&quot;background_background&quot;:&quot;video&quot;,&quot;background_video_link&quot;:&quot;https:\\\/\\\/vimeo.com\\\/541525767&quot;,&quot;background_video_start&quot;:0,&quot;background_video_end&quot;:20,&quot;background_play_on_mobile&quot;:&quot;yes&quot;}\">\n\t\t\t\t\t\t\t\t<div class=\"elementor-background-video-container\" aria-hidden=\"true\">\n\t\t\t\t\t\t\t\t\t\t\t\t\t<div class=\"elementor-background-video-embed\"><\/div>\n\t\t\t\t\t\t\t\t\t\t\t\t<\/div>\n\t\t\t\t\t\t\t\t<div class=\"elementor-container elementor-column-gap-default\">\n\t\t\t\t\t<div class=\"elementor-column elementor-col-100 elementor-top-column elementor-element elementor-element-485f5827\" data-id=\"485f5827\" data-element_type=\"column\">\n\t\t\t<div class=\"elementor-widget-wrap elementor-element-populated\">\n\t\t\t\t\t\t<div class=\"elementor-element elementor-element-22da9042 elementor-widget elementor-widget-heading\" data-id=\"22da9042\" data-element_type=\"widget\" data-widget_type=\"heading.default\">\n\t\t\t\t<div class=\"elementor-widget-container\">\n\t\t\t\t\t<h1 class=\"elementor-heading-title elementor-size-default\">Our Partners<\/h1>\t\t\t\t<\/div>\n\t\t\t\t<\/div>\n\t\t\t\t\t<\/div>\n\t\t<\/div>\n\t\t\t\t\t<\/div>\n\t\t<\/section>\n\t\t\t\t<section class=\"elementor-section elementor-top-section elementor-element elementor-element-4f30a3fd elementor-section-boxed elementor-section-height-default elementor-section-height-default\" data-id=\"4f30a3fd\" data-element_type=\"section\" data-settings=\"{&quot;background_background&quot;:&quot;classic&quot;}\">\n\t\t\t\t\t\t<div class=\"elementor-container elementor-column-gap-default\">\n\t\t\t\t\t<div class=\"elementor-column elementor-col-16 elementor-top-column elementor-element elementor-element-417dc52a\" data-id=\"417dc52a\" data-element_type=\"column\">\n\t\t\t<div class=\"elementor-widget-wrap\">\n\t\t\t\t\t\t\t<\/div>\n\t\t<\/div>\n\t\t\t\t<div class=\"elementor-column elementor-col-66 elementor-top-column elementor-element elementor-element-725c8e52\" data-id=\"725c8e52\" data-element_type=\"column\">\n\t\t\t<div class=\"elementor-widget-wrap elementor-element-populated\">\n\t\t\t\t\t\t<div class=\"elementor-element elementor-element-0e8ee7a elementor-widget elementor-widget-text-editor\" data-id=\"0e8ee7a\" data-element_type=\"widget\" data-widget_type=\"text-editor.default\">\n\t\t\t\t<div class=\"elementor-widget-container\">\n\t\t\t\t\t\t\t\t\t<p>We have more than 50 partner organisations and institutions in Europe and its neighbouring countries, which work in the areas of education, peace, research, youth, antiracism, equality, and active citizenship.<\/p><p>We also collaborate with dozens of Finnish schools, as well as schools in Romania, Estonia, Latvia, Norway, and Portugal.<\/p><p>We work in partnership with local youth services in several municipalities, including Kokkola, Oulu, Vaasa, and Turku.<\/p>\t\t\t\t\t\t\t\t<\/div>\n\t\t\t\t<\/div>\n\t\t\t\t<div class=\"elementor-element elementor-element-aa98c46 elementor-widget elementor-widget-text-editor\" data-id=\"aa98c46\" data-element_type=\"widget\" data-widget_type=\"text-editor.default\">\n\t\t\t\t<div class=\"elementor-widget-container\">\n\t\t\t\t\t\t\t\t\t<ul><li><a title=\"Academy for Peace and Development\" href=\"https:\/\/unoy.org\/member\/academy-for-peace-and-development\/\" target=\"_blank\" rel=\"noopener\">Academy for Peace and Development<\/a><\/li><li><a title=\"AidGlobal\" href=\"https:\/\/aidglobal.org\/en\/home\" target=\"_blank\" rel=\"noopener\">AidGlobal<\/a>\u00a0<\/li><li><a title=\"Alda\" href=\"https:\/\/www.alda-europe.eu\/\" target=\"_blank\" rel=\"noopener\">Alda<\/a><\/li><li><a title=\"Anthropolis\" href=\"http:\/\/anthropolis.hu\/english\/\" target=\"_blank\" rel=\"noopener\">Anthropolis<\/a><\/li><li><a title=\"Arcil\" href=\"https:\/\/arcil.org.pt\/\" target=\"_blank\" rel=\"noopener\">Arcil<\/a><\/li><li><a title=\"Armenian Young Women\u2019s Association\" href=\"https:\/\/aywa.am\/\" target=\"_blank\" rel=\"noopener\">Armenian Young Women\u2019s Association<\/a><\/li><li><a title=\"Asocia\u021bia Centrul pentru Dezvoltare Comunitar\u0103 Durabil\u0103 (CDCD)\" href=\"https:\/\/www.cdcd.ro\/\" target=\"_blank\" rel=\"noopener\">Asocia\u021bia Centrul pentru Dezvoltare Comunitar\u0103 Durabil\u0103 (CDCD)<\/a><\/li><li><a title=\"BEST\" href=\"https:\/\/www.best.at\/\" target=\"_blank\" rel=\"noopener\">BEST<\/a> Institut f\u00fcr berufsbezogene Weiterbildung und Personaltraining GmbH<\/li><li><a title=\"Bloom - Associa\u00e7\u00e3o S\u00f3cio Cultural\" href=\"https:\/\/www.facebook.com\/BloomASC\/\" target=\"_blank\" rel=\"noopener\">Bloom &#8211; Associa\u00e7\u00e3o S\u00f3cio Cultural<\/a>\u00a0<\/li><li><a title=\"Cavalo Amigo\" href=\"http:\/\/www.cavaloamigo.org\/\" target=\"_blank\" rel=\"noopener\">Cavalo Amigo<\/a><\/li><li><a title=\"Center for Citizenship Education\" href=\"https:\/\/ceo.org.pl\/english\" target=\"_blank\" rel=\"noopener\">Center for Citizenship Education<\/a> (CCE)<\/li><li>Center for Innovation and Social Development, Moldova<\/li><li><a title=\"Centro Internazional per la Promozione dell\u2019educazione e lo Sviluppo Associazione\" href=\"https:\/\/ceipes.org\/it\/\" target=\"_blank\" rel=\"noopener\">Centro Internazional per la Promozione dell\u2019educazione e lo Sviluppo Associazione<\/a> CEIPES<\/li><li><a title=\"Center for Peace and Civic Development\" href=\"http:\/\/cpcd.org.ge\/\" target=\"_blank\" rel=\"noopener\">Center for Peace and Civic Development<\/a> (CPCD)<\/li><li><a title=\"Cesie\" href=\"https:\/\/cesie.org\/en\/\" target=\"_blank\" rel=\"noopener\">Cesie<\/a><\/li><li><a title=\"Ceo\" href=\"https:\/\/ceo.org.pl\/english\/\" target=\"_blank\" rel=\"noopener\">Ceo<\/a> Center for Citizenship Education<\/li><li><a title=\"Coexister\" href=\"https:\/\/www.coexister.fr\/faire-un-don\/\" target=\"_blank\" rel=\"noopener\">Coexister\u00a0<\/a><\/li><li><a title=\"The association Dea Dia\" href=\"https:\/\/deadiakovacica.wixsite.com\/deadia\/about_us\" target=\"_blank\" rel=\"noopener\">The association Dea Dia<\/a><\/li><li><a title=\"DECSY Development Education Centre South Yorkshire\" href=\"https:\/\/www.decsy.org.uk\/about-decsy\/\" target=\"_blank\" rel=\"noopener\">DECSY<\/a> Development Education\u00a0<\/li><li><a title=\"Dialogues\" href=\"https:\/\/dialogues.se\/\" target=\"_blank\" rel=\"noopener\">Dialogues<\/a><\/li><li><a title=\"Eesti Noorsootootajate Kogu\" href=\"https:\/\/enk.ee\/eng\/\">Eesti Noorsootootajate Kogu<\/a><\/li><li><a title=\"ENAC Ente Nazionale Canossiano\" href=\"https:\/\/www.enac.org\/en\/\" target=\"_blank\" rel=\"noopener\">ENAC Ente Nazionale Canossiano<\/a><\/li><li><a title=\"European Network for Antiracism\" href=\"https:\/\/www.enar-eu.org\/\" target=\"_blank\" rel=\"noopener\">European Network for Antiracism<\/a> (ENAR)<\/li><li><a href=\"https:\/\/www.evolvingcycles.com\/?fbclid=IwY2xjawN4EG5leHRuA2FlbQIxMABicmlkETFnbU4yMjFWVHZsT1JiUVh1c3J0YwZhcHBfaWQQMjIyMDM5MTc4ODIwMDg5MgABHsi2o2Hs0_dNul_YLuQduzNm0_PFqqeD4XU-a7Uj3mFqOd5i5_MRuNXSIDPz_aem_ml2nXiI22n8EYOTEdbUFzQ\" target=\"_blank\" rel=\"noopener\">Evolving Cycles<\/a><\/li><li><a title=\"Follow the Women\" href=\"https:\/\/followthewomen-usa.com\/\" target=\"_blank\" rel=\"noopener\">Follow the Women<\/a><\/li><li><a title=\"Foruma za slobodu odgoja\" href=\"https:\/\/fso.hr\/\" target=\"_blank\" rel=\"noopener\">Foruma za slobodu odgoja<\/a>, Forum for Freedom in Education<\/li><li><a href=\"https:\/\/fryshuset.se\/\" target=\"_blank\" rel=\"noopener\">Fryshuset<\/a><\/li><li><a title=\"Funda\u00e7\u00e3o Gon\u00e7alo da Silveira\" href=\"https:\/\/fgs.org.pt\/en\/\" target=\"_blank\" rel=\"noopener\">Funda\u00e7\u00e3o Gon\u00e7alo da Silveira<\/a> (FGS)\u00a0<\/li><li><a title=\"Fundatia Adina Stiftelsen\" href=\"http:\/\/www.fundatia-adina.ro\/\" target=\"_blank\" rel=\"noopener\">Fundatia Adina Stiftelsen<\/a><\/li><li><a title=\"Gyermek- \u00e9s Ifj\u00fas\u00e1gi \u00d6nkorm\u00e1nyzati T\u00e1rsas\u00e1g\" href=\"https:\/\/gyiot.hu\/\" target=\"_blank\" rel=\"noopener\">Gyermek- \u00e9s Ifj\u00fas\u00e1gi \u00d6nkorm\u00e1nyzati T\u00e1rsas\u00e1g<\/a><\/li><li><a title=\"Ha Moment\" href=\"http:\/\/hamoment.org\/\" target=\"_blank\" rel=\"noopener\">Ha Moment<\/a><\/li><li><a title=\"Haver Srbija\" href=\"https:\/\/haver.rs\/\" target=\"_blank\" rel=\"noopener\">Haver Srbija<\/a><\/li><li><a title=\"I-Dare for Sustainable Development\" href=\"https:\/\/www.i-dare.org\/\" target=\"_blank\" rel=\"noopener\">I-Dare for Sustainable Development<\/a><\/li><li><a title=\"i-Fall (Integration f\u00f6r alla)\" href=\"http:\/\/ifall.se\/\" target=\"_blank\" rel=\"noopener\">i-Fall<\/a> (Integration f\u00f6r alla)<\/li><li><a title=\"IM Cultural Institute\" href=\"https:\/\/imcultural.org\/\" target=\"_blank\" rel=\"noopener\">IM Cultural Institute<\/a><\/li><li><a href=\"https:\/\/www.i-strategies.it\/\">I-strategies Italy<\/a><\/li><li><a title=\"Interfaith Scotland\" href=\"https:\/\/interfaithscotland.org\/\" target=\"_blank\" rel=\"noopener\">Interfaith Scotland<\/a><\/li><li><a title=\"Kingsriver Community Holdings Ltd\" href=\"https:\/\/www.kingsriver.ie\/\" target=\"_blank\" rel=\"noopener\">Kingsriver Community Holdings Ltd<\/a><\/li><li><a title=\"Kauno technologij\u0173 mokymo centras Lithuania\" href=\"https:\/\/kautech.lt\/\" target=\"_blank\" rel=\"noopener\">Kauno technologij\u0173 mokymo centras Lithuania<\/a> (Kaunas)<\/li><li><a title=\"La Vibria Intercultural\" href=\"https:\/\/vibria.org\/\" target=\"_blank\" rel=\"noopener\">La Vibria Intercultural<\/a>\u00a0<\/li><li><a title=\"Ljubljana Pride\" href=\"https:\/\/ljubljanapride.org\/\" target=\"_blank\" rel=\"noopener\">Ljubljana Pride<\/a><\/li><li><a title=\"Mediterr\u00e1neo Erasmus International Center Spain\" href=\"https:\/\/mediterraneoculinary.com\/international\/\" target=\"_blank\" rel=\"noopener\">Mediterr\u00e1neo Erasmus International Center Spain<\/a><\/li><li><a title=\"Mladinski center Zagorje ob Savi\" href=\"http:\/\/www.mczos.si\/\" target=\"_blank\" rel=\"noopener\">Mladinski center Zagorje ob Savi<\/a>\u00a0<\/li><li><a title=\"MT\u00d6 Mondo\" href=\"https:\/\/mondo.org.ee\/\" target=\"_blank\" rel=\"noopener\">MT\u00d6 Mondo<\/a> (NGO Mondo)<\/li><li><a title=\"Muzeon\" href=\"https:\/\/muzeon.ro\/\" target=\"_blank\" rel=\"noopener\">Muzeon<\/a> Asociatia\u00a0<\/li><li><a title=\"National Youth Council of Ireland\" href=\"https:\/\/www.youth.ie\/\">National Youth Council of Ireland<\/a><\/li><li><a title=\"Novact\" href=\"https:\/\/novact.org\/\" target=\"_blank\" rel=\"noopener\">Novact<\/a> Associacio\u00a0<\/li><li><a title=\"Oxfam Italia\" href=\"https:\/\/www.oxfamitalia.org\/\" target=\"_blank\" rel=\"noopener\">Oxfam Italia<\/a><\/li><li><a title=\"Peace Action, Training &amp; Research Institute of Romania\" href=\"https:\/\/patrir.ro\/\" target=\"_blank\" rel=\"noopener\">Peace Action, Training &amp; Research Institute of Romania<\/a> (PATRIR)\u00a0<\/li><li><a title=\"PiNa Progressive Youth Organization\" href=\"https:\/\/www.pina.si\/en\/home\/\" target=\"_blank\" rel=\"noopener\">PiNa<\/a> Progressive Youth Organization<\/li><li><a title=\"Pistes Solidaires\" href=\"https:\/\/www.pistes-solidaires.fr\/\" target=\"_blank\" rel=\"noopener\">Pistes Solidaires<\/a><\/li><li><a title=\"Public Diplomacy Platform\" href=\"https:\/\/www.instagram.com\/pd_platform\/\" target=\"_blank\" rel=\"noopener\">Public Diplomacy Platform<\/a> Ukraine<\/li><li><a title=\"SCI \u2013 Projects Internationaux ASBL\" href=\"https:\/\/www.scibelgium.be\/\" target=\"_blank\" rel=\"noopener\">SCI \u2013 Projects Internationaux ASBL<\/a><\/li><li><a title=\"Slovak Centre for Communication and Development\" href=\"https:\/\/sccd-sk.org\/\" target=\"_blank\" rel=\"noopener\">Slovak Centre for Communication and Development<\/a><\/li><li><a title=\"S\u00fcdwind\" href=\"https:\/\/www.suedwind.at\/en\/\" target=\"_blank\" rel=\"noopener\">S\u00fcdwind<\/a><\/li><li><a title=\"Taki Jestem\" href=\"https:\/\/www.facebook.com\/www.takijestem.org\/\" target=\"_blank\" rel=\"noopener\">Taki Jestem<\/a><\/li><li><a title=\"Tampere Peace Research institute\" href=\"https:\/\/research.tuni.fi\/tapri\/\" target=\"_blank\" rel=\"noopener\">Tampere Peace Research institute<\/a> TAPRI<\/li><li><a title=\"Youth Cooperation Center of Dilijan\" href=\"http:\/\/www.yccd.am\" target=\"_blank\" rel=\"noopener\">Youth Cooperation Center of Dilijan<\/a><\/li><li><a title=\"Young Educators European Association\" href=\"https:\/\/youngeducators.eu\/\" target=\"_blank\" rel=\"noopener\">Young Educators European Association<\/a><\/li><\/ul>\t\t\t\t\t\t\t\t<\/div>\n\t\t\t\t<\/div>\n\t\t\t\t<div class=\"elementor-element elementor-element-c80f899 elementor-widget elementor-widget-spacer\" data-id=\"c80f899\" data-element_type=\"widget\" data-widget_type=\"spacer.default\">\n\t\t\t\t<div class=\"elementor-widget-container\">\n\t\t\t\t\t\t\t<div class=\"elementor-spacer\">\n\t\t\t<div class=\"elementor-spacer-inner\"><\/div>\n\t\t<\/div>\n\t\t\t\t\t\t<\/div>\n\t\t\t\t<\/div>\n\t\t\t\t<div class=\"elementor-element elementor-element-65cff9d elementor-widget elementor-widget-text-editor\" data-id=\"65cff9d\" data-element_type=\"widget\" data-widget_type=\"text-editor.default\">\n\t\t\t\t<div class=\"elementor-widget-container\">\n\t\t\t\t\t\t\t\t\t<p>In addition, we collaborate with the following higher education institutions:<\/p><ul><li>Central European University<\/li><li>Chisinau Ion Creanga State Pedagogical University (CICSPU, Moldova)<\/li><li>Ilia State University (ILIA UNI, Georgia)<\/li><li>Instituto Polit\u00e9cnico de Viana do Castelo (IPVC)<\/li><li>Sokhumi State University (SSU, Georgia)<\/li><li>Stiftung Universitat Hildesheim (UNI HILDESHEIM, Germany)<\/li><li>Taras Shevchenko National University of Kyiv (TSNUK, Ukraine)<\/li><li>Universidade do Porto (PT)<\/li><li>Universitaet Innsbruck (UIBK, Austria)<\/li><li>Universitatea De Stat Din Moldova (MSU<\/li><li>Universitatea Alexandru Ioan Cuza Din Ia\u0219i (UAIC)<\/li><li>University of Jyv\u00e4skyl\u00e4 (JYU)<\/li><li>University of Ljubljana<\/li><li>University of Oulu (UOULU)<\/li><li>University of Palermo<\/li><li>University of Thessaly<\/li><li>V.N. Karazin Kharkiv National University (KKNU, Ukraine)\u00a0<\/li><\/ul>\t\t\t\t\t\t\t\t<\/div>\n\t\t\t\t<\/div>\n\t\t\t\t<div class=\"elementor-element elementor-element-dd00b55 elementor-widget elementor-widget-spacer\" data-id=\"dd00b55\" data-element_type=\"widget\" data-widget_type=\"spacer.default\">\n\t\t\t\t<div class=\"elementor-widget-container\">\n\t\t\t\t\t\t\t<div class=\"elementor-spacer\">\n\t\t\t<div class=\"elementor-spacer-inner\"><\/div>\n\t\t<\/div>\n\t\t\t\t\t\t<\/div>\n\t\t\t\t<\/div>\n\t\t\t\t\t<\/div>\n\t\t<\/div>\n\t\t\t\t<div class=\"elementor-column elementor-col-16 elementor-top-column elementor-element elementor-element-47571249\" data-id=\"47571249\" data-element_type=\"column\">\n\t\t\t<div class=\"elementor-widget-wrap\">\n\t\t\t\t\t\t\t<\/div>\n\t\t<\/div>\n\t\t\t\t\t<\/div>\n\t\t<\/section>\n\t\t\t\t<section class=\"elementor-section elementor-top-section elementor-element elementor-element-5ad550db elementor-section-boxed elementor-section-height-default elementor-section-height-default\" data-id=\"5ad550db\" data-element_type=\"section\" data-settings=\"{&quot;background_background&quot;:&quot;classic&quot;}\">\n\t\t\t\t\t\t<div class=\"elementor-container elementor-column-gap-default\">\n\t\t\t\t\t<div class=\"elementor-column elementor-col-100 elementor-top-column elementor-element elementor-element-548d86e7\" data-id=\"548d86e7\" data-element_type=\"column\">\n\t\t\t<div class=\"elementor-widget-wrap elementor-element-populated\">\n\t\t\t\t\t\t<div class=\"elementor-element elementor-element-1f68ef4 elementor-widget elementor-widget-spacer\" data-id=\"1f68ef4\" data-element_type=\"widget\" data-widget_type=\"spacer.default\">\n\t\t\t\t<div class=\"elementor-widget-container\">\n\t\t\t\t\t\t\t<div class=\"elementor-spacer\">\n\t\t\t<div class=\"elementor-spacer-inner\"><\/div>\n\t\t<\/div>\n\t\t\t\t\t\t<\/div>\n\t\t\t\t<\/div>\n\t\t\t\t\t<\/div>\n\t\t<\/div>\n\t\t\t\t\t<\/div>\n\t\t<\/section>\n\t\t\t\t<\/div>\n\t\t","protected":false},"excerpt":{"rendered":"<p>Our Partners We have more than 50 partner organisations and institutions in Europe and its neighbouring countries, which work in the areas of education, peace, research, youth, antiracism, equality, and active citizenship. We also collaborate with dozens of Finnish schools, as well as schools in Romania, Estonia, Latvia, Norway, and Portugal. We work in partnership [&hellip;]<\/p>\n","protected":false},"author":2,"featured_media":1433,"parent":0,"menu_order":0,"comment_status":"closed","ping_status":"closed","template":"elementor_header_footer","meta":{"om_disable_all_campaigns":false,"_monsterinsights_skip_tracking":false,"_monsterinsights_sitenote_active":false,"_monsterinsights_sitenote_note":"","_monsterinsights_sitenote_category":0,"footnotes":"","_links_to":"","_links_to_target":""},"class_list":["post-4207","page","type-page","status-publish","has-post-thumbnail","hentry"],"aioseo_notices":[],"_links":{"self":[{"href":"https:\/\/rauhankasvatus.fi\/en\/wp-json\/wp\/v2\/pages\/4207","targetHints":{"allow":["GET"]}}],"collection":[{"href":"https:\/\/rauhankasvatus.fi\/en\/wp-json\/wp\/v2\/pages"}],"about":[{"href":"https:\/\/rauhankasvatus.fi\/en\/wp-json\/wp\/v2\/types\/page"}],"author":[{"embeddable":true,"href":"https:\/\/rauhankasvatus.fi\/en\/wp-json\/wp\/v2\/users\/2"}],"replies":[{"embeddable":true,"href":"https:\/\/rauhankasvatus.fi\/en\/wp-json\/wp\/v2\/comments?post=4207"}],"version-history":[{"count":171,"href":"https:\/\/rauhankasvatus.fi\/en\/wp-json\/wp\/v2\/pages\/4207\/revisions"}],"predecessor-version":[{"id":36980,"href":"https:\/\/rauhankasvatus.fi\/en\/wp-json\/wp\/v2\/pages\/4207\/revisions\/36980"}],"wp:featuredmedia":[{"embeddable":true,"href":"https:\/\/rauhankasvatus.fi\/en\/wp-json\/wp\/v2\/media\/1433"}],"wp:attachment":[{"href":"https:\/\/rauhankasvatus.fi\/en\/wp-json\/wp\/v2\/media?parent=4207"}],"curies":[{"name":"wp","href":"https:\/\/api.w.org\/{rel}","templated":true}]}}